{"id":10314,"date":"2026-03-05T16:11:08","date_gmt":"2026-03-05T16:11:08","guid":{"rendered":"https:\/\/agvcercal.edu.gov.pt\/site\/?page_id=10314"},"modified":"2026-03-05T16:45:06","modified_gmt":"2026-03-05T16:45:06","slug":"concurso-para-diretor","status":"publish","type":"page","link":"https:\/\/agvcercal.edu.gov.pt\/site\/concurso-para-diretor\/","title":{"rendered":"Concurso para Diretor"},"content":{"rendered":"<h2>Procedimento concursal pr\u00e9vio \u00e0 elei\u00e7\u00e3o do(a) diretor(a)<\/h2>\n<h5>Documentos:<\/h5>\n<h5><a href=\"https:\/\/agvcercal.edu.gov.pt\/site\/wp-content\/uploads\/2026\/03\/Aviso-de-Abertura-Diario-da-Republica.pdf\">\u00a0&#8211; Aviso de Abertura &#8211; Di\u00e1rio da Rep\u00fablica<\/a><\/h5>\n<h5>&#8211; <a href=\"https:\/\/agvcercal.edu.gov.pt\/site\/wp-content\/uploads\/2026\/03\/Declaracao-de-consentimento-de-tratamento-de-dados.docx\">Declara\u00e7\u00e3o de consentimento de tratamento de dados<\/a><\/h5>\n<h5>&#8211;<a href=\"https:\/\/agvcercal.edu.gov.pt\/site\/wp-content\/uploads\/2026\/03\/Parametros-e-Criterios-de-avaliacao.pdf\">Parametros e Crit\u00e9rios de avalia\u00e7\u00e3o<\/a><\/h5>\n<h5>&#8211;<a href=\"https:\/\/agvcercal.edu.gov.pt\/site\/wp-content\/uploads\/2026\/03\/Regulamento-do-processo-concursal.pdf\">Regulamento do processo concursal<\/a><\/h5>\n<h5>&#8211;<a href=\"https:\/\/agvcercal.edu.gov.pt\/site\/wp-content\/uploads\/2026\/03\/Requerimento-de-candidatura.docx\">Requerimento de candidatura<\/a><\/h5>\n","protected":false},"excerpt":{"rendered":"<p>Procedimento concursal pr\u00e9vio \u00e0 elei\u00e7\u00e3o do(a) diretor(a) Documentos: \u00a0&#8211; Aviso de Abertura &#8211; Di\u00e1rio da Rep\u00fablica &#8211; Declara\u00e7\u00e3o de consentimento de tratamento de dados &#8211;Parametros e Crit\u00e9rios de avalia\u00e7\u00e3o &#8211;Regulamento do processo concursal &#8211;Requerimento de candidatura<\/p>\n","protected":false},"author":1,"featured_media":0,"parent":0,"menu_order":0,"comment_status":"closed","ping_status":"closed","template":"","meta":{"footnotes":""},"class_list":["post-10314","page","type-page","status-publish","hentry"],"jetpack-related-posts":[],"jetpack_sharing_enabled":true,"_links":{"self":[{"href":"https:\/\/agvcercal.edu.gov.pt\/site\/wp-json\/wp\/v2\/pages\/10314","targetHints":{"allow":["GET"]}}],"collection":[{"href":"https:\/\/agvcercal.edu.gov.pt\/site\/wp-json\/wp\/v2\/pages"}],"about":[{"href":"https:\/\/agvcercal.edu.gov.pt\/site\/wp-json\/wp\/v2\/types\/page"}],"author":[{"embeddable":true,"href":"https:\/\/agvcercal.edu.gov.pt\/site\/wp-json\/wp\/v2\/users\/1"}],"replies":[{"embeddable":true,"href":"https:\/\/agvcercal.edu.gov.pt\/site\/wp-json\/wp\/v2\/comments?post=10314"}],"version-history":[{"count":7,"href":"https:\/\/agvcercal.edu.gov.pt\/site\/wp-json\/wp\/v2\/pages\/10314\/revisions"}],"predecessor-version":[{"id":10327,"href":"https:\/\/agvcercal.edu.gov.pt\/site\/wp-json\/wp\/v2\/pages\/10314\/revisions\/10327"}],"wp:attachment":[{"href":"https:\/\/agvcercal.edu.gov.pt\/site\/wp-json\/wp\/v2\/media?parent=10314"}],"curies":[{"name":"wp","href":"https:\/\/api.w.org\/{rel}","templated":true}]}}