{"id":5036,"date":"2017-11-15T22:36:27","date_gmt":"2017-11-15T22:36:27","guid":{"rendered":"https:\/\/motocross.progressionstudios.com\/?page_id=20"},"modified":"2025-12-05T15:10:17","modified_gmt":"2025-12-05T15:10:17","slug":"home-2","status":"publish","type":"page","link":"https:\/\/agvcercal.edu.gov.pt\/site\/","title":{"rendered":"Agrupamento de Escolas de Cercal do Alentejo"},"content":{"rendered":"<ul>\n<li>\n<h2>No dia 19 de novembro realizou-se o <\/h2>\n<p>\t\t\t\t\t\t\t\t\t\t\t\t\t\t\t\t\t\t\t\t\t\t\t\t\t\t\t\t\t\t\t\t\t\t\t\t\tCorta-Mato Concelhio no Cercal do Alentejo<br \/>\n\t\t\t\t\t\t\t\t\t\t\t\t\t\t\t\t\t\t\t\t\t\t\t\t\t\t\t\t\t\t\t\t\t\t\t\t\tque envolveu todas as escolas do concelho<br \/>\n\t\t\t\t\t\t\t\t\t\t\t<!-- close .bosted-element-content-margin --><br \/>\n\t\t\t\t\t\t\t\t\t\t<!-- close .boosted-elements-slider-content --><br \/>\n\t\t\t\t\t\t\t\t\t\t<!-- close .boosted-elements-slider-container-fixed-optional --><br \/>\n\t\t\t\t\t\t\t\t\t<!-- close .boosted-elements-slider-content-container --><br \/>\n\t\t\t\t\t\t\t\t\t<!-- close .boosted-elements-slider-bg-overlay --><br \/>\n\t\t\t\t\t\t\t<!-- close  .boosted-elements-slider-background -->\n\t\t\t\t\t\t<\/li>\n<li>\n<h2>No dia 1 de outubro realizou-se o <\/h2>\n<p>\t\t\t\t\t\t\t\t\t\t\t\t\t\t\t\t\t\t\t\t\t\t\t\t\t\t\t\t\t\t\t\t\t\t\t\t\tCorta-Mato Escolar<br \/>\n\t\t\t\t\t\t\t\t\t\t\t\t\t\t\t\t\t\t\t\t\t\t\t\t\t\t\t\t\t\t\t\t\t\t\t\t\tque envolveu alunos do 4\u00ba ao 9\u00ba ano de escolaridade<br \/>\n\t\t\t\t\t\t\t\t\t\t\t<!-- close .bosted-element-content-margin --><br \/>\n\t\t\t\t\t\t\t\t\t\t<!-- close .boosted-elements-slider-content --><br \/>\n\t\t\t\t\t\t\t\t\t\t<!-- close .boosted-elements-slider-container-fixed-optional --><br \/>\n\t\t\t\t\t\t\t\t\t<!-- close .boosted-elements-slider-content-container --><br \/>\n\t\t\t\t\t\t\t\t\t<!-- close .boosted-elements-slider-bg-overlay --><br \/>\n\t\t\t\t\t\t\t<!-- close  .boosted-elements-slider-background -->\n\t\t\t\t\t\t<\/li>\n<li>\n<h2>Ano Letivo iniciou com o <\/h2>\n<p>\t\t\t\t\t\t\t\t\t\t\t\t\t\t\t\t\t\t\t\t\t\t\t\t\t\t\t\t\t\t\t\t\t\t\t\t\tDia do Diploma<br \/>\n\t\t\t\t\t\t\t\t\t\t\t\t\t\t\t\t\t\t\t\t\t\t\t\t\t\t\t\t\t\t\t\t\t\t\t\t\tcom a entrega dos Pr\u00e9mios de M\u00e9rito<br \/>\n\t\t\t\t\t\t\t\t\t\t\t<!-- close .bosted-element-content-margin --><br \/>\n\t\t\t\t\t\t\t\t\t\t<!-- close .boosted-elements-slider-content --><br \/>\n\t\t\t\t\t\t\t\t\t\t<!-- close .boosted-elements-slider-container-fixed-optional --><br \/>\n\t\t\t\t\t\t\t\t\t<!-- close .boosted-elements-slider-content-container --><br \/>\n\t\t\t\t\t\t\t\t\t<!-- close .boosted-elements-slider-bg-overlay --><br \/>\n\t\t\t\t\t\t\t<!-- close  .boosted-elements-slider-background -->\n\t\t\t\t\t\t<\/li>\n<\/ul>\n<p>\t\t\t<!-- #boosted-elements-progression-flexslider-6b8047d --><br \/>\n\t\t<!-- close .boosted-elements-progression-slider-container --><br \/>\n\t<!-- close .boosted-elements-slider-loader-height --><br \/>\n\t\t\t\t\t\t\t\t\t\t\t\t\t<img data-recalc-dims=\"1\" loading=\"lazy\" decoding=\"async\" width=\"1200\" height=\"674\" src=\"https:\/\/i0.wp.com\/agvcercal.edu.gov.pt\/site\/wp-content\/uploads\/2021\/11\/DJI_0019.jpg?resize=1200%2C674&#038;ssl=1\" alt=\"\" \/>\t\t\t\t\t\t\t\t\t\t\t\t\t<\/p>\n<h1>BEM VINDOS<\/h1>\n<p>Esta nova p\u00e1gina, ainda na sua fase embrion\u00e1ria, pretende ser um espa\u00e7o de partilha de informa\u00e7\u00e3o e de divulga\u00e7\u00e3o das atividades que os nossos alunos v\u00e3o realizando ao longo do ano. Tentaremos atualiz\u00e1-la constantemente, querendo que se torne uma refer\u00eancia na comunidade escolar e na comunidade educativa.<\/p>\n<h2>\u00daLTIMAS NOT\u00cdCIAS<\/h2>\n<p>\t\t\t\t\t\t\t\t\t\t\t\t\t<a href=\"https:\/\/agvcercal.edu.gov.pt\/site\/dia-mundial-da-alimentacao\/\"><img data-recalc-dims=\"1\" loading=\"lazy\" width=\"300\" height=\"300\" src=\"https:\/\/i0.wp.com\/agvcercal.edu.gov.pt\/site\/wp-content\/uploads\/2025\/12\/TMC5696.jpg?resize=300%2C300&#038;ssl=1\" alt=\"\" decoding=\"async\" srcset=\"https:\/\/agvcercal.edu.gov.pt\/site\/wp-content\/uploads\/2025\/12\/TMC5696-300x300.jpg 300w, https:\/\/agvcercal.edu.gov.pt\/site\/wp-content\/uploads\/2025\/12\/TMC5696-150x150.jpg 150w, https:\/\/agvcercal.edu.gov.pt\/site\/wp-content\/uploads\/2025\/12\/TMC5696-768x768.jpg 768w\" sizes=\"auto, (max-width: 300px) 100vw, 300px\" \/><\/a><\/p>\n<h3><a href=\"https:\/\/agvcercal.edu.gov.pt\/site\/dia-mundial-da-alimentacao\/\">Dia Mundial da Alimenta\u00e7\u00e3o &#8211; c\/fotos<\/a><\/h3>\n<ul>\n<li>5 Dezembro, 2025<\/li>\n<li><a href=\"https:\/\/agvcercal.edu.gov.pt\/site\/category\/atividades\/\" rel=\"category tag\">Atividades<\/a><\/li>\n<\/ul>\n<p>\t\t\t\t\t\t\t\t\t\t\t\t\t<a href=\"https:\/\/agvcercal.edu.gov.pt\/site\/dia-mundial-da-alimentacao\/\">Ler mais<\/a><br \/>\n\t\t\t\t\t\t\t\t\t\t\t\t<!-- close .boosted-elements-blog-content-container --><br \/>\n\t\t\t\t\t\t\t\t\t\t\t<!-- close .boosted-elements-blog-main-styles --><br \/>\n\t\t\t\t\t\t\t\t\t<!-- close boosted_post_list_layout layout --><br \/>\n\t\t\t\t\t\t\t<!-- close .boosted-elements-progression-isotope-animation --><br \/>\n\t\t\t\t\t\t<!-- close .boosted-elements-progression-image-masonry-padding --><br \/>\n\t\t\t\t\t<!-- close .boosted-elements-progression-masonry-item progression-masonry-col --><br \/>\n\t\t\t\t\t\t\t\t\t\t\t\t\t<a href=\"https:\/\/agvcercal.edu.gov.pt\/site\/semana-da-ct-atividade-com-o-6-oa\/\"><img data-recalc-dims=\"1\" loading=\"lazy\" width=\"300\" height=\"300\" src=\"https:\/\/i0.wp.com\/agvcercal.edu.gov.pt\/site\/wp-content\/uploads\/2025\/12\/Bola-Santitona4.jpg?resize=300%2C300&#038;ssl=1\" alt=\"\" decoding=\"async\" srcset=\"https:\/\/agvcercal.edu.gov.pt\/site\/wp-content\/uploads\/2025\/12\/Bola-Santitona4-300x300.jpg 300w, https:\/\/agvcercal.edu.gov.pt\/site\/wp-content\/uploads\/2025\/12\/Bola-Santitona4-1024x1024.jpg 1024w, https:\/\/agvcercal.edu.gov.pt\/site\/wp-content\/uploads\/2025\/12\/Bola-Santitona4-150x150.jpg 150w, https:\/\/agvcercal.edu.gov.pt\/site\/wp-content\/uploads\/2025\/12\/Bola-Santitona4-768x768.jpg 768w\" sizes=\"auto, (max-width: 300px) 100vw, 300px\" \/><\/a><\/p>\n<h3><a href=\"https:\/\/agvcercal.edu.gov.pt\/site\/semana-da-ct-atividade-com-o-6-oa\/\">Semana da C&amp;T &#8211; atividade com o 6.\u00baA<\/a><\/h3>\n<ul>\n<li>2 Dezembro, 2025<\/li>\n<li><a href=\"https:\/\/agvcercal.edu.gov.pt\/site\/category\/atividades\/\" rel=\"category tag\">Atividades<\/a><\/li>\n<\/ul>\n<p>\t\t\t\t\t\t\t\t\t\t\t\t\t<a href=\"https:\/\/agvcercal.edu.gov.pt\/site\/semana-da-ct-atividade-com-o-6-oa\/\">Ler mais<\/a><br \/>\n\t\t\t\t\t\t\t\t\t\t\t\t<!-- close .boosted-elements-blog-content-container --><br \/>\n\t\t\t\t\t\t\t\t\t\t\t<!-- close .boosted-elements-blog-main-styles --><br \/>\n\t\t\t\t\t\t\t\t\t<!-- close boosted_post_list_layout layout --><br \/>\n\t\t\t\t\t\t\t<!-- close .boosted-elements-progression-isotope-animation --><br \/>\n\t\t\t\t\t\t<!-- close .boosted-elements-progression-image-masonry-padding --><br \/>\n\t\t\t\t\t<!-- close .boosted-elements-progression-masonry-item progression-masonry-col --><br \/>\n\t\t\t\t\t\t\t\t\t\t\t\t\t<a href=\"https:\/\/agvcercal.edu.gov.pt\/site\/peca-de-teatro-o-joao-pateta\/\"><img data-recalc-dims=\"1\" loading=\"lazy\" width=\"300\" height=\"300\" src=\"https:\/\/i0.wp.com\/agvcercal.edu.gov.pt\/site\/wp-content\/uploads\/2025\/12\/Joao-Pateta.jpg?resize=300%2C300&#038;ssl=1\" alt=\"\" decoding=\"async\" srcset=\"https:\/\/agvcercal.edu.gov.pt\/site\/wp-content\/uploads\/2025\/12\/Joao-Pateta-300x300.jpg 300w, https:\/\/agvcercal.edu.gov.pt\/site\/wp-content\/uploads\/2025\/12\/Joao-Pateta-1024x1024.jpg 1024w, https:\/\/agvcercal.edu.gov.pt\/site\/wp-content\/uploads\/2025\/12\/Joao-Pateta-150x150.jpg 150w, https:\/\/agvcercal.edu.gov.pt\/site\/wp-content\/uploads\/2025\/12\/Joao-Pateta-768x768.jpg 768w\" sizes=\"auto, (max-width: 300px) 100vw, 300px\" \/><\/a><\/p>\n<h3><a href=\"https:\/\/agvcercal.edu.gov.pt\/site\/peca-de-teatro-o-joao-pateta\/\">Pe\u00e7a de Teatro &#8220;O Jo\u00e3o Pateta&#8221;<\/a><\/h3>\n<ul>\n<li>2 Dezembro, 2025<\/li>\n<li><a href=\"https:\/\/agvcercal.edu.gov.pt\/site\/category\/atividades\/\" rel=\"category tag\">Atividades<\/a><\/li>\n<\/ul>\n<p>\t\t\t\t\t\t\t\t\t\t\t\t\t<a href=\"https:\/\/agvcercal.edu.gov.pt\/site\/peca-de-teatro-o-joao-pateta\/\">Ler mais<\/a><br \/>\n\t\t\t\t\t\t\t\t\t\t\t\t<!-- close .boosted-elements-blog-content-container --><br \/>\n\t\t\t\t\t\t\t\t\t\t\t<!-- close .boosted-elements-blog-main-styles --><br \/>\n\t\t\t\t\t\t\t\t\t<!-- close boosted_post_list_layout layout --><br \/>\n\t\t\t\t\t\t\t<!-- close .boosted-elements-progression-isotope-animation --><br \/>\n\t\t\t\t\t\t<!-- close .boosted-elements-progression-image-masonry-padding --><br \/>\n\t\t\t\t\t<!-- close .boosted-elements-progression-masonry-item progression-masonry-col --><br \/>\n\t\t\t<!-- close #boosted-elements-post-list-masonryf80c564  --><br \/>\n\t\t<!-- close .boosted-elements-masonry-margins--><br \/>\n\t<!-- close .boosted-elements-progression-post-list-container --><br \/>\n\t\t\t\t\t<a href=\"https:\/\/agvcercal.edu.gov.pt\/site\/wp-admin\/admin-ajax.php?paged=2\" >Load More<\/a><br \/>\n\t\t\t\t\t<!-- close .boosted-elements-pagination-container --><\/p>\n<h2>GALERIA<\/h2>\n<p>\t\t\t\t\t\t\t\t\t\t\t\t\t\t\t\t\t\t<a href=\"https:\/\/i0.wp.com\/agvcercal.edu.gov.pt\/site\/wp-content\/uploads\/2021\/10\/DSC_5230-1-1024x801.jpg?ssl=1\" data-elementor-lightbox-slideshow=\"gallery-boosted-5c9a616b\" ><br \/>\n\t\t\t\t\t\t\t\t\t<img data-recalc-dims=\"1\" decoding=\"async\" src=\"https:\/\/i0.wp.com\/agvcercal.edu.gov.pt\/site\/wp-content\/uploads\/elementor\/thumbs\/DSC_5230-1-pek6bqxt4php99jftnna7mbfub00f45v9tbnnmydto.jpg?w=1200&#038;ssl=1\" alt=\"Escola B\u00e1sica n\u00ba1\"><br \/>\n\t\t\t\t\t\t\t\t\t<\/a><br \/>\n\t\t\t\t\t\t\t\t<!-- close .boosted-elements-progression-image-grid-item --><br \/>\n\t\t\t\t\t\t\t<!-- close .boosted-elements-progression-isotope-animation --><br \/>\n\t\t\t\t\t\t<!-- close .boosted-elements-progression-image-masonry-padding --><br \/>\n\t\t\t\t\t<!-- close .boosted-elements-progression-masonry-item progression-masonry-col --><br \/>\n\t\t\t\t\t\t\t\t\t\t\t\t\t\t\t\t\t\t<a href=\"https:\/\/i0.wp.com\/agvcercal.edu.gov.pt\/site\/wp-content\/uploads\/2021\/10\/DSC_5231-1-1024x800.jpg?ssl=1\" data-elementor-lightbox-slideshow=\"gallery-boosted-5c9a616b\" ><br \/>\n\t\t\t\t\t\t\t\t\t<img data-recalc-dims=\"1\" decoding=\"async\" src=\"https:\/\/i0.wp.com\/agvcercal.edu.gov.pt\/site\/wp-content\/uploads\/elementor\/thumbs\/DSC_5231-1-pek6bsthidk9whgpiogjclud12qquidby2mmm6vlh8.jpg?w=1200&#038;ssl=1\" alt=\"Escola B\u00e1sica n\u00ba1\"><br \/>\n\t\t\t\t\t\t\t\t\t<\/a><br \/>\n\t\t\t\t\t\t\t\t<!-- close .boosted-elements-progression-image-grid-item --><br \/>\n\t\t\t\t\t\t\t<!-- close .boosted-elements-progression-isotope-animation --><br \/>\n\t\t\t\t\t\t<!-- close .boosted-elements-progression-image-masonry-padding --><br \/>\n\t\t\t\t\t<!-- close .boosted-elements-progression-masonry-item progression-masonry-col --><br \/>\n\t\t\t\t\t\t\t\t\t\t\t\t\t\t\t\t\t\t<a href=\"https:\/\/i0.wp.com\/agvcercal.edu.gov.pt\/site\/wp-content\/uploads\/2021\/10\/DSC_5230-1024x801.jpg?ssl=1\" data-elementor-lightbox-slideshow=\"gallery-boosted-5c9a616b\" ><br \/>\n\t\t\t\t\t\t\t\t\t<img data-recalc-dims=\"1\" decoding=\"async\" src=\"https:\/\/i0.wp.com\/agvcercal.edu.gov.pt\/site\/wp-content\/uploads\/elementor\/thumbs\/DSC_5230-pek56uyju5io7wxkkzdiqxrlkwj7l3u7nfpa4bkwho.jpg?w=1200&#038;ssl=1\" alt=\"DSC_5230\"><br \/>\n\t\t\t\t\t\t\t\t\t<\/a><br \/>\n\t\t\t\t\t\t\t\t<!-- close .boosted-elements-progression-image-grid-item --><br \/>\n\t\t\t\t\t\t\t<!-- close .boosted-elements-progression-isotope-animation --><br \/>\n\t\t\t\t\t\t<!-- close .boosted-elements-progression-image-masonry-padding --><br \/>\n\t\t\t\t\t<!-- close .boosted-elements-progression-masonry-item progression-masonry-col --><br \/>\n\t\t\t\t\t\t\t\t\t\t\t\t\t\t\t\t\t\t<a href=\"https:\/\/i0.wp.com\/agvcercal.edu.gov.pt\/site\/wp-content\/uploads\/2021\/10\/DSC_5228-1024x800.jpg?ssl=1\" data-elementor-lightbox-slideshow=\"gallery-boosted-5c9a616b\" ><br \/>\n\t\t\t\t\t\t\t\t\t<img data-recalc-dims=\"1\" decoding=\"async\" src=\"https:\/\/i0.wp.com\/agvcercal.edu.gov.pt\/site\/wp-content\/uploads\/elementor\/thumbs\/DSC_5228-pek6bo4ak7duafnja4fei51225dws0uo9fd77t2kcc.jpg?w=1200&#038;ssl=1\" alt=\"Escola B\u00e1sica n\u00ba1\"><br \/>\n\t\t\t\t\t\t\t\t\t<\/a><br \/>\n\t\t\t\t\t\t\t\t<!-- close .boosted-elements-progression-image-grid-item --><br \/>\n\t\t\t\t\t\t\t<!-- close .boosted-elements-progression-isotope-animation --><br \/>\n\t\t\t\t\t\t<!-- close .boosted-elements-progression-image-masonry-padding --><br \/>\n\t\t\t\t\t<!-- close .boosted-elements-progression-masonry-item progression-masonry-col --><br \/>\n\t\t\t\t\t\t\t\t\t\t\t\t\t\t\t\t\t\t<a href=\"https:\/\/i0.wp.com\/agvcercal.edu.gov.pt\/site\/wp-content\/uploads\/2021\/10\/DSC_5229-1024x801.jpg?ssl=1\" data-elementor-lightbox-slideshow=\"gallery-boosted-5c9a616b\" ><br \/>\n\t\t\t\t\t\t\t\t\t<img data-recalc-dims=\"1\" decoding=\"async\" src=\"https:\/\/i0.wp.com\/agvcercal.edu.gov.pt\/site\/wp-content\/uploads\/elementor\/thumbs\/DSC_5229-pek6bp24r1f4m1m64mu12msinj99zpyelk0op31664.jpg?w=1200&#038;ssl=1\" alt=\"Escola B\u00e1sica n\u00ba1\"><br \/>\n\t\t\t\t\t\t\t\t\t<\/a><br \/>\n\t\t\t\t\t\t\t\t<!-- close .boosted-elements-progression-image-grid-item --><br \/>\n\t\t\t\t\t\t\t<!-- close .boosted-elements-progression-isotope-animation --><br \/>\n\t\t\t\t\t\t<!-- close .boosted-elements-progression-image-masonry-padding --><br \/>\n\t\t\t\t\t<!-- close .boosted-elements-progression-masonry-item progression-masonry-col --><br \/>\n\t\t\t\t\t\t\t\t\t\t\t\t\t\t\t\t\t\t<a href=\"https:\/\/i0.wp.com\/agvcercal.edu.gov.pt\/site\/wp-content\/uploads\/2021\/10\/DSC_5218-1-1024x801.jpg?ssl=1\" data-elementor-lightbox-slideshow=\"gallery-boosted-5c9a616b\" ><br \/>\n\t\t\t\t\t\t\t\t\t<img data-recalc-dims=\"1\" decoding=\"async\" src=\"https:\/\/i0.wp.com\/agvcercal.edu.gov.pt\/site\/wp-content\/uploads\/elementor\/thumbs\/DSC_5218-1-pek6blarzp9zblrmql7isnqo9zrt4xjh91eqrz6qv0.jpg?w=1200&#038;ssl=1\" alt=\"Escola B\u00e1sica n\u00ba2\"><br \/>\n\t\t\t\t\t\t\t\t\t<\/a><br \/>\n\t\t\t\t\t\t\t\t<!-- close .boosted-elements-progression-image-grid-item --><br \/>\n\t\t\t\t\t\t\t<!-- close .boosted-elements-progression-isotope-animation --><br \/>\n\t\t\t\t\t\t<!-- close .boosted-elements-progression-image-masonry-padding --><br \/>\n\t\t\t\t\t<!-- close .boosted-elements-progression-masonry-item progression-masonry-col --><br \/>\n\t\t\t\t\t\t\t\t\t\t\t\t\t\t\t\t\t\t<a href=\"https:\/\/i0.wp.com\/agvcercal.edu.gov.pt\/site\/wp-content\/uploads\/2021\/10\/DSC_5170-1024x801.jpg?ssl=1\" data-elementor-lightbox-slideshow=\"gallery-boosted-5c9a616b\" ><br \/>\n\t\t\t\t\t\t\t\t\t<img data-recalc-dims=\"1\" decoding=\"async\" src=\"https:\/\/i0.wp.com\/agvcercal.edu.gov.pt\/site\/wp-content\/uploads\/elementor\/thumbs\/DSC_5170-pek6as5s3u63boxygqm35d3dv1rfibbst16owedy7w.jpg?w=1200&#038;ssl=1\" alt=\"Jardim de Inf\u00e2ncia\"><br \/>\n\t\t\t\t\t\t\t\t\t<\/a><br \/>\n\t\t\t\t\t\t\t\t<!-- close .boosted-elements-progression-image-grid-item --><br \/>\n\t\t\t\t\t\t\t<!-- close .boosted-elements-progression-isotope-animation --><br \/>\n\t\t\t\t\t\t<!-- close .boosted-elements-progression-image-masonry-padding --><br \/>\n\t\t\t\t\t<!-- close .boosted-elements-progression-masonry-item progression-masonry-col --><br \/>\n\t\t\t\t\t\t\t\t\t\t\t\t\t\t\t\t\t\t<a href=\"https:\/\/i0.wp.com\/agvcercal.edu.gov.pt\/site\/wp-content\/uploads\/2021\/10\/DSC_5176-1024x800.jpg?ssl=1\" data-elementor-lightbox-slideshow=\"gallery-boosted-5c9a616b\" ><br \/>\n\t\t\t\t\t\t\t\t\t<img data-recalc-dims=\"1\" decoding=\"async\" src=\"https:\/\/i0.wp.com\/agvcercal.edu.gov.pt\/site\/wp-content\/uploads\/elementor\/thumbs\/DSC_5176-pek6auzaoc9yaitv09tyuudrn7dj5emztf55c89rp8.jpg?w=1200&#038;ssl=1\" alt=\"Jardim de Inf\u00e2ncia\"><br \/>\n\t\t\t\t\t\t\t\t\t<\/a><br \/>\n\t\t\t\t\t\t\t\t<!-- close .boosted-elements-progression-image-grid-item --><br \/>\n\t\t\t\t\t\t\t<!-- close .boosted-elements-progression-isotope-animation --><br \/>\n\t\t\t\t\t\t<!-- close .boosted-elements-progression-image-masonry-padding --><br \/>\n\t\t\t\t\t<!-- close .boosted-elements-progression-masonry-item progression-masonry-col --><br \/>\n\t\t\t\t\t\t\t\t\t\t\t\t\t\t\t\t\t\t<a href=\"https:\/\/i0.wp.com\/agvcercal.edu.gov.pt\/site\/wp-content\/uploads\/2021\/10\/DSC_5174-1024x801.jpg?ssl=1\" data-elementor-lightbox-slideshow=\"gallery-boosted-5c9a616b\" ><br \/>\n\t\t\t\t\t\t\t\t\t<img data-recalc-dims=\"1\" decoding=\"async\" src=\"https:\/\/i0.wp.com\/agvcercal.edu.gov.pt\/site\/wp-content\/uploads\/elementor\/thumbs\/DSC_5174-pek4lnploohucjq8dtggiadb8115yvo62hz0fn0ku4.jpg?w=1200&#038;ssl=1\" alt=\"DSC_5174\"><br \/>\n\t\t\t\t\t\t\t\t\t<\/a><br \/>\n\t\t\t\t\t\t\t\t<!-- close .boosted-elements-progression-image-grid-item --><br \/>\n\t\t\t\t\t\t\t<!-- close .boosted-elements-progression-isotope-animation --><br \/>\n\t\t\t\t\t\t<!-- close .boosted-elements-progression-image-masonry-padding --><br \/>\n\t\t\t\t\t<!-- close .boosted-elements-progression-masonry-item progression-masonry-col --><br \/>\n\t\t\t\t\t\t\t\t\t\t\t\t\t\t\t\t\t\t<a href=\"https:\/\/i0.wp.com\/agvcercal.edu.gov.pt\/site\/wp-content\/uploads\/2021\/10\/DSC_5169-1024x801.jpg?ssl=1\" data-elementor-lightbox-slideshow=\"gallery-boosted-5c9a616b\" ><br \/>\n\t\t\t\t\t\t\t\t\t<img data-recalc-dims=\"1\" decoding=\"async\" src=\"https:\/\/i0.wp.com\/agvcercal.edu.gov.pt\/site\/wp-content\/uploads\/elementor\/thumbs\/DSC_5169-pek6aqa3q63ioh0orpsu0dkgoa0p2x4c4rvpxugqkc.jpg?w=1200&#038;ssl=1\" alt=\"Jardim de Inf\u00e2ncia\"><br \/>\n\t\t\t\t\t\t\t\t\t<\/a><br \/>\n\t\t\t\t\t\t\t\t<!-- close .boosted-elements-progression-image-grid-item --><br \/>\n\t\t\t\t\t\t\t<!-- close .boosted-elements-progression-isotope-animation --><br \/>\n\t\t\t\t\t\t<!-- close .boosted-elements-progression-image-masonry-padding --><br \/>\n\t\t\t\t\t<!-- close .boosted-elements-progression-masonry-item progression-masonry-col --><br \/>\n\t\t\t\t\t\t\t\t\t\t\t\t\t\t\t\t\t\t<a href=\"https:\/\/i0.wp.com\/agvcercal.edu.gov.pt\/site\/wp-content\/uploads\/2021\/10\/DSC_5167-1024x801.jpg?ssl=1\" data-elementor-lightbox-slideshow=\"gallery-boosted-5c9a616b\" ><br \/>\n\t\t\t\t\t\t\t\t\t<img data-recalc-dims=\"1\" decoding=\"async\" src=\"https:\/\/i0.wp.com\/agvcercal.edu.gov.pt\/site\/wp-content\/uploads\/elementor\/thumbs\/DSC_5167-pek6amiqytyde165do6bqeimaqj884pes99s0qmb98.jpg?w=1200&#038;ssl=1\" alt=\"Jardim de Inf\u00e2ncia\"><br \/>\n\t\t\t\t\t\t\t\t\t<\/a><br \/>\n\t\t\t\t\t\t\t\t<!-- close .boosted-elements-progression-image-grid-item --><br \/>\n\t\t\t\t\t\t\t<!-- close .boosted-elements-progression-isotope-animation --><br \/>\n\t\t\t\t\t\t<!-- close .boosted-elements-progression-image-masonry-padding --><br \/>\n\t\t\t\t\t<!-- close .boosted-elements-progression-masonry-item progression-masonry-col --><br \/>\n\t\t\t\t\t\t\t\t\t\t\t\t\t\t\t\t\t\t<a href=\"https:\/\/i0.wp.com\/agvcercal.edu.gov.pt\/site\/wp-content\/uploads\/2021\/10\/DSC_5168-1024x801.jpg?ssl=1\" data-elementor-lightbox-slideshow=\"gallery-boosted-5c9a616b\" ><br \/>\n\t\t\t\t\t\t\t\t\t<img data-recalc-dims=\"1\" decoding=\"async\" src=\"https:\/\/i0.wp.com\/agvcercal.edu.gov.pt\/site\/wp-content\/uploads\/elementor\/thumbs\/DSC_5168-pek6aoefci0y193f2ozkve1jhi9yniwvgikqzajiws.jpg?w=1200&#038;ssl=1\" alt=\"Jardim de Inf\u00e2ncia\"><br \/>\n\t\t\t\t\t\t\t\t\t<\/a><br \/>\n\t\t\t\t\t\t\t\t<!-- close .boosted-elements-progression-image-grid-item --><br \/>\n\t\t\t\t\t\t\t<!-- close .boosted-elements-progression-isotope-animation --><br \/>\n\t\t\t\t\t\t<!-- close .boosted-elements-progression-image-masonry-padding --><br \/>\n\t\t\t\t\t<!-- close .boosted-elements-progression-masonry-item progression-masonry-col --><br \/>\n\t\t\t\t<!-- close .boosted-elements-grid-masonry5c9a616b  --><br \/>\n\t\t<!-- close .boosted-elements-masonry-margins--><br \/>\n\t<!-- close .boosted-elements-progression-image-grid-container --><\/p>\n","protected":false},"excerpt":{"rendered":"<p>No dia 19 de novembro realizou-se o Corta-Mato Concelhio no Cercal do Alentejo que envolveu todas as escolas do concelho No dia 1 de outubro realizou-se o Corta-Mato Escolar que envolveu alunos do 4\u00ba ao 9\u00ba ano de escolaridade Ano Letivo iniciou com o Dia do Diploma com a entrega dos Pr\u00e9mios de M\u00e9rito BEM [&hellip;]<\/p>\n","protected":false},"author":1,"featured_media":0,"parent":0,"menu_order":0,"comment_status":"closed","ping_status":"closed","template":"","meta":{"footnotes":""},"class_list":["post-5036","page","type-page","status-publish","hentry"],"jetpack-related-posts":[],"jetpack_sharing_enabled":true,"_links":{"self":[{"href":"https:\/\/agvcercal.edu.gov.pt\/site\/wp-json\/wp\/v2\/pages\/5036","targetHints":{"allow":["GET"]}}],"collection":[{"href":"https:\/\/agvcercal.edu.gov.pt\/site\/wp-json\/wp\/v2\/pages"}],"about":[{"href":"https:\/\/agvcercal.edu.gov.pt\/site\/wp-json\/wp\/v2\/types\/page"}],"author":[{"embeddable":true,"href":"https:\/\/agvcercal.edu.gov.pt\/site\/wp-json\/wp\/v2\/users\/1"}],"replies":[{"embeddable":true,"href":"https:\/\/agvcercal.edu.gov.pt\/site\/wp-json\/wp\/v2\/comments?post=5036"}],"version-history":[{"count":333,"href":"https:\/\/agvcercal.edu.gov.pt\/site\/wp-json\/wp\/v2\/pages\/5036\/revisions"}],"predecessor-version":[{"id":10183,"href":"https:\/\/agvcercal.edu.gov.pt\/site\/wp-json\/wp\/v2\/pages\/5036\/revisions\/10183"}],"wp:attachment":[{"href":"https:\/\/agvcercal.edu.gov.pt\/site\/wp-json\/wp\/v2\/media?parent=5036"}],"curies":[{"name":"wp","href":"https:\/\/api.w.org\/{rel}","templated":true}]}}