{"id":5128,"date":"2021-10-08T16:55:08","date_gmt":"2021-10-08T16:55:08","guid":{"rendered":"https:\/\/agvcercal.edu.gov.pt\/site\/?page_id=5128"},"modified":"2025-08-11T11:15:22","modified_gmt":"2025-08-11T11:15:22","slug":"orgaos_do_agrupamento","status":"publish","type":"page","link":"https:\/\/agvcercal.edu.gov.pt\/site\/orgaos_do_agrupamento\/","title":{"rendered":"\u00d3rg\u00e3os de Administra\u00e7\u00e3o e Gest\u00e3o"},"content":{"rendered":"<h2>Comiss\u00e3o Administrativa Provis\u00f3ria<\/h2>\n<h5>Presidente: Professora C\u00e9lia Isabel Oliveira Silv\u00e9rio; GR520 &#8211; Biologia; Quadro de Agrupamento.<\/h5>\n<h5>Vice-Presidente: Professor Lu\u00eds Miguel Ferreira Santos; GR500 &#8211; Matem\u00e1tica: Quadro de Agrupamento.<\/h5>\n<h5>Vogal: Professora Maria de Aires Coxinho Raposo; GR110 &#8211; 1\u00ba Ciclo; Quadro de Agrupamento.<\/h5>\n<h2>Conselho Geral<\/h2>\n<h5>Presidente: Maria Nat\u00e9rcia C\u00f3pio Pires &#8211; (Docente);<\/h5>\n<h5>Vogais:\u00a0<\/h5>\n<h5>(Docente) &#8211; Maria Celeste Guerreiro Vaz Nobre;<\/h5>\n<h5>(Docente) &#8211; Maria Helena P.P. P\u00e9 Leve Martins;<\/h5>\n<h5>(Docente) &#8211; Lina Maria Dias Barata;<\/h5>\n<h5>(Docente) &#8211; Elisabete Cristina G. Ramos Sim\u00f5es;<\/h5>\n<h5>(N\u00e3o Docente) &#8211; Nair da Concei\u00e7\u00e3o Raposo Francisco;<\/h5>\n<h5>(N\u00e3o Docente) &#8211; Z\u00e9lia Raposo Albino;<\/h5>\n<h5>(Pais e EE) &#8211; Isa Filipa Pacheco Ramos;<\/h5>\n<h5>(Pais e EE) &#8211; Catarina Isabel Candeias da Silva;<\/h5>\n<h5>(Pais e EE) &#8211; Carla Isabel da Concei\u00e7\u00e3o Santos;\u00a0\u00a0<\/h5>\n<h5>(Pais e EE) &#8211; Jo\u00e3o Gon\u00e7alo Paulo Cordeiro;<\/h5>\n<h5>(Munic\u00edpio) &#8211; Vereadora S\u00f3nia Gon\u00e7alves;<\/h5>\n<h5>(Munic\u00edpio) &#8211; Presidente da Junta &#8211; S\u00e9rgio Santiago;<\/h5>\n<h5>(Comunidade) &#8211; Casimira Parreira;<\/h5>\n<h5>(Comunidade) &#8211; Ana Paula Oliveira;<\/h5>\n<p>O presente Conselho Geral tomou posse no dia 26\/05\/2022<\/p>\n<h2>Conselho Pedag\u00f3gico<\/h2>\n<h5>Presidente: Professor Tiago Manuel Gon\u00e7alves Canhoto;<\/h5>\n<h5>Coordenador do Departamento de Educa\u00e7\u00e3o Pr\u00e9-Escolar e Primeiro Ciclo: Professora Rosinda Maria Gaie Delmiro;<\/h5>\n<h5>Coordenador do Departamento de L\u00ednguas e Ci\u00eancias Sociais e Humanas: Professora Maria Margarida Costa Rosa Cardoso Santos;<\/h5>\n<h5>Coordenador do Departamento de Matem\u00e1tica e Ci\u00eancias Experimentais &#8211; Professora Rosa Maria Mamede dos Santos;<\/h5>\n<h5>Coordenador do Departamento de Express\u00f5es: Professora Teresa Maria dos Santos Chamusca;<\/h5>\n<h5>Coordenador dos Diretores de Turma: Professora Maria Palmira Bai\u00e3o Pereira Martins;<\/h5>\n<h5>Professor Bibliotec\u00e1rio: Educadora Rosinda Maria Gaie Delmiro;<\/h5>\n<h2>Conselho Administrativo<\/h2>\n<h5>Presidente: Professor Tiago Manuel Gon\u00e7alves Canhoto;<\/h5>\n<h5>Vice-Presidente: Professor Lu\u00eds Miguel Ferreira Santos;<\/h5>\n<h5>Secret\u00e1rio: Nair da Concei\u00e7\u00e3o Raposo Francisco;<\/h5>\n","protected":false},"excerpt":{"rendered":"<p>Comiss\u00e3o Administrativa Provis\u00f3ria Presidente: Professora C\u00e9lia Isabel Oliveira Silv\u00e9rio; GR520 &#8211; Biologia; Quadro de Agrupamento. Vice-Presidente: Professor Lu\u00eds Miguel Ferreira Santos; GR500 &#8211; Matem\u00e1tica: Quadro de Agrupamento. Vogal: Professora Maria de Aires Coxinho Raposo; GR110 &#8211; 1\u00ba Ciclo; Quadro de Agrupamento. Conselho Geral Presidente: Maria Nat\u00e9rcia C\u00f3pio Pires &#8211; (Docente); Vogais:\u00a0 (Docente) &#8211; Maria Celeste [&hellip;]<\/p>\n","protected":false},"author":1,"featured_media":0,"parent":0,"menu_order":0,"comment_status":"closed","ping_status":"closed","template":"","meta":{"footnotes":""},"class_list":["post-5128","page","type-page","status-publish","hentry"],"jetpack-related-posts":[],"jetpack_sharing_enabled":true,"_links":{"self":[{"href":"https:\/\/agvcercal.edu.gov.pt\/site\/wp-json\/wp\/v2\/pages\/5128","targetHints":{"allow":["GET"]}}],"collection":[{"href":"https:\/\/agvcercal.edu.gov.pt\/site\/wp-json\/wp\/v2\/pages"}],"about":[{"href":"https:\/\/agvcercal.edu.gov.pt\/site\/wp-json\/wp\/v2\/types\/page"}],"author":[{"embeddable":true,"href":"https:\/\/agvcercal.edu.gov.pt\/site\/wp-json\/wp\/v2\/users\/1"}],"replies":[{"embeddable":true,"href":"https:\/\/agvcercal.edu.gov.pt\/site\/wp-json\/wp\/v2\/comments?post=5128"}],"version-history":[{"count":45,"href":"https:\/\/agvcercal.edu.gov.pt\/site\/wp-json\/wp\/v2\/pages\/5128\/revisions"}],"predecessor-version":[{"id":9830,"href":"https:\/\/agvcercal.edu.gov.pt\/site\/wp-json\/wp\/v2\/pages\/5128\/revisions\/9830"}],"wp:attachment":[{"href":"https:\/\/agvcercal.edu.gov.pt\/site\/wp-json\/wp\/v2\/media?parent=5128"}],"curies":[{"name":"wp","href":"https:\/\/api.w.org\/{rel}","templated":true}]}}