{"id":5148,"date":"2021-10-08T17:02:14","date_gmt":"2021-10-08T17:02:14","guid":{"rendered":"https:\/\/agvcercal.edu.gov.pt\/site\/?page_id=5148"},"modified":"2025-06-30T09:45:28","modified_gmt":"2025-06-30T09:45:28","slug":"concursos-pessoal-docente","status":"publish","type":"page","link":"https:\/\/agvcercal.edu.gov.pt\/site\/concursos-pessoal-docente\/","title":{"rendered":"Concursos &#8211; Pessoal Docente e Professor Bibliotec\u00e1rio"},"content":{"rendered":"<h2>Pessoal Docente e Professor Bibliotec\u00e1rio<\/h2>\n<h4>Ano Letivo 2024 \/ 2025<\/h4>\n<p><strong>Professor Bibliotec\u00e1rio<\/strong><\/p>\n<h6><strong>Publicita\u00e7\u00e3o<\/strong>: 30\/06\/2025<\/h6>\n<h6><strong>In\u00edcio da Candidatura<\/strong>: 02\/07\/2025<\/h6>\n<h6><strong>Final da Candidatura<\/strong>: \u00e0s 17 horas de 15\/07\/2025<\/h6>\n<h6><strong>Publica\u00e7\u00e3o dos Resultados<\/strong>: 17\/06\/2025<\/h6>\n<h6><a href=\"https:\/\/agvcercal.edu.gov.pt\/site\/wp-content\/uploads\/2025\/06\/Aviso-de-Abertura-Cercal-25_signed.pdf\">Aviso de Abertura <\/a><\/h6>\n","protected":false},"excerpt":{"rendered":"<p>Pessoal Docente e Professor Bibliotec\u00e1rio Ano Letivo 2024 \/ 2025 Professor Bibliotec\u00e1rio Publicita\u00e7\u00e3o: 30\/06\/2025 In\u00edcio da Candidatura: 02\/07\/2025 Final da Candidatura: \u00e0s 17 horas de 15\/07\/2025 Publica\u00e7\u00e3o dos Resultados: 17\/06\/2025 Aviso de Abertura<\/p>\n","protected":false},"author":1,"featured_media":0,"parent":0,"menu_order":0,"comment_status":"closed","ping_status":"closed","template":"","meta":{"footnotes":""},"class_list":["post-5148","page","type-page","status-publish","hentry"],"jetpack-related-posts":[],"jetpack_sharing_enabled":true,"_links":{"self":[{"href":"https:\/\/agvcercal.edu.gov.pt\/site\/wp-json\/wp\/v2\/pages\/5148","targetHints":{"allow":["GET"]}}],"collection":[{"href":"https:\/\/agvcercal.edu.gov.pt\/site\/wp-json\/wp\/v2\/pages"}],"about":[{"href":"https:\/\/agvcercal.edu.gov.pt\/site\/wp-json\/wp\/v2\/types\/page"}],"author":[{"embeddable":true,"href":"https:\/\/agvcercal.edu.gov.pt\/site\/wp-json\/wp\/v2\/users\/1"}],"replies":[{"embeddable":true,"href":"https:\/\/agvcercal.edu.gov.pt\/site\/wp-json\/wp\/v2\/comments?post=5148"}],"version-history":[{"count":52,"href":"https:\/\/agvcercal.edu.gov.pt\/site\/wp-json\/wp\/v2\/pages\/5148\/revisions"}],"predecessor-version":[{"id":9822,"href":"https:\/\/agvcercal.edu.gov.pt\/site\/wp-json\/wp\/v2\/pages\/5148\/revisions\/9822"}],"wp:attachment":[{"href":"https:\/\/agvcercal.edu.gov.pt\/site\/wp-json\/wp\/v2\/media?parent=5148"}],"curies":[{"name":"wp","href":"https:\/\/api.w.org\/{rel}","templated":true}]}}