{"id":5163,"date":"2021-10-08T17:04:08","date_gmt":"2021-10-08T17:04:08","guid":{"rendered":"https:\/\/agvcercal.edu.gov.pt\/site\/?page_id=5163"},"modified":"2026-02-03T14:57:46","modified_gmt":"2026-02-03T14:57:46","slug":"documentos-orientadores","status":"publish","type":"page","link":"https:\/\/agvcercal.edu.gov.pt\/site\/documentos-orientadores\/","title":{"rendered":"Documentos Orientadores"},"content":{"rendered":"<h2>Projeto Educativo<\/h2>\n<p>\t\t\t<a href=\"https:\/\/agvcercal.edu.gov.pt\/site\/wp-content\/uploads\/2023\/11\/PE-2022-25.pdf\" target=\"_blank\">2022 &#8211; 2025<\/a>\t\t<\/p>\n<h2><a href=\"https:\/\/agvcercal.edu.gov.pt\/site\/wp-content\/uploads\/2024\/12\/Regulamento-Interno-Final.pdf\">Regulamento Interno<\/a><\/h2>\n<h2>Plano Anual de Atividades<\/h2>\n<p>\t\t\t<a href=\"https:\/\/agvcercal.edu.gov.pt\/site\/wp-content\/uploads\/2026\/02\/PAA-25-26-versao-aprovada.xlsx\" target=\"_blank\">Ano letivo 2025-2026<\/a>\t\t<\/p>\n<h2>Regulamento &#8211; Pr\u00e9mios de M\u00e9rito<\/h2>\n<p>\t\t\t<a href=\"https:\/\/agvcercal.edu.gov.pt\/site\/wp-content\/uploads\/2021\/10\/Premios-de-Merito-regulamento.pdf\" target=\"_blank\">Atualizado a 13-07-2022<\/a>\t\t<\/p>\n<h2>Avalia\u00e7\u00e3o Interna<\/h2>\n<p>\t\t\t<a href=\"https:\/\/agvcercal.edu.gov.pt\/site\/wp-content\/uploads\/2024\/12\/Relatorio-Avaliacao-Interna-2023-24.pdf\" target=\"_blank\">Ano letivo 2023-2024<\/a>\t\t<\/p>\n<h2>Crit\u00e9rios de Avalia\u00e7\u00e3o<\/h2>\n<p>\t\t\t<a href=\"https:\/\/agvcercal.edu.gov.pt\/site\/wp-content\/uploads\/2026\/02\/2025_2026-Criterios-de-avaliacao-DEF-pos-pedagogico.pdf\" target=\"_blank\">Atualizado a 03-02-2026<\/a>\t\t<\/p>\n<h2>Calend\u00e1rio Escolar<\/h2>\n<p>\t\t\t<a href=\"https:\/\/agvcercal.edu.gov.pt\/site\/wp-content\/uploads\/2025\/09\/Calendario_Escolar_2025-2026.pdf\" target=\"_blank\">Ano letivo 2025-2026<\/a>\t\t<\/p>\n<h2>PADDE &#8211; Plano de A\u00e7\u00e3o para o Desenvolvimento Digital da Escola<\/h2>\n<p>\t\t\t<a href=\"https:\/\/agvcercal.edu.gov.pt\/site\/wp-content\/uploads\/2024\/01\/2023_2024-PADDE_AGV-Cercal_Avaliacao-final-jul2023-e-reformulacao-v2.pdf\" target=\"_blank\">2023 \/ 2024<\/a>\t\t<\/p>\n<h2>Manuais Escolares 25\/26<\/h2>\n<p>\t\t\t<a href=\"https:\/\/agvcercal.edu.gov.pt\/site\/wp-content\/uploads\/2025\/09\/Lista_manuaisescolares_1C-PeEE.pdf\" target=\"_blank\">1\u00ba Ciclo<\/a><br \/>\n\t\t\t<a href=\"https:\/\/agvcercal.edu.gov.pt\/site\/wp-content\/uploads\/2025\/09\/Lista_manuaisescolares_23C-PeEE.pdf\" target=\"_blank\">2\u00ba e 3\u00ba Ciclos<\/a>\t\t<\/p>\n<h2>Pr\u00e9mios de M\u00e9rito CCAM Costa Azul<\/h2>\n<p>\t\t\t<a href=\"https:\/\/agvcercal.edu.gov.pt\/site\/wp-content\/uploads\/2022\/10\/Regulamento-Premios-de-Merito-CCAM.pdf\" target=\"_blank\">Atualizado a 25-10-2022<\/a>\t\t<\/p>\n<h2><a href=\"https:\/\/agvcercal.edu.gov.pt\/site\/wp-content\/uploads\/2025\/01\/Tipologia-de-testes-final.pdf\">Tipologia de Testes<\/a><\/h2>\n<h2>Relat\u00f3rio de Avalia\u00e7\u00e3o Externa<\/h2>\n<p>\t\t\t<a href=\"https:\/\/agvcercal.edu.gov.pt\/site\/wp-content\/uploads\/2025\/06\/SETUBAL_Santiago_Cacem_AEE_AE_Cercal_Alentejo_2024_2025_R_H.pdf\" target=\"_blank\">Ano letivo 2024-2025<\/a><\/p>\n","protected":false},"excerpt":{"rendered":"<p>Projeto Educativo 2022 &#8211; 2025 Regulamento Interno Plano Anual de Atividades Ano letivo 2025-2026 Regulamento &#8211; Pr\u00e9mios de M\u00e9rito Atualizado a 13-07-2022 Avalia\u00e7\u00e3o Interna Ano letivo 2023-2024 Crit\u00e9rios de Avalia\u00e7\u00e3o Atualizado a 03-02-2026 Calend\u00e1rio Escolar Ano letivo 2025-2026 PADDE &#8211; Plano de A\u00e7\u00e3o para o Desenvolvimento Digital da Escola 2023 \/ 2024 Manuais Escolares 25\/26 [&hellip;]<\/p>\n","protected":false},"author":1,"featured_media":0,"parent":0,"menu_order":0,"comment_status":"closed","ping_status":"closed","template":"","meta":{"footnotes":""},"class_list":["post-5163","page","type-page","status-publish","hentry"],"jetpack-related-posts":[],"jetpack_sharing_enabled":true,"_links":{"self":[{"href":"https:\/\/agvcercal.edu.gov.pt\/site\/wp-json\/wp\/v2\/pages\/5163","targetHints":{"allow":["GET"]}}],"collection":[{"href":"https:\/\/agvcercal.edu.gov.pt\/site\/wp-json\/wp\/v2\/pages"}],"about":[{"href":"https:\/\/agvcercal.edu.gov.pt\/site\/wp-json\/wp\/v2\/types\/page"}],"author":[{"embeddable":true,"href":"https:\/\/agvcercal.edu.gov.pt\/site\/wp-json\/wp\/v2\/users\/1"}],"replies":[{"embeddable":true,"href":"https:\/\/agvcercal.edu.gov.pt\/site\/wp-json\/wp\/v2\/comments?post=5163"}],"version-history":[{"count":156,"href":"https:\/\/agvcercal.edu.gov.pt\/site\/wp-json\/wp\/v2\/pages\/5163\/revisions"}],"predecessor-version":[{"id":10212,"href":"https:\/\/agvcercal.edu.gov.pt\/site\/wp-json\/wp\/v2\/pages\/5163\/revisions\/10212"}],"wp:attachment":[{"href":"https:\/\/agvcercal.edu.gov.pt\/site\/wp-json\/wp\/v2\/media?parent=5163"}],"curies":[{"name":"wp","href":"https:\/\/api.w.org\/{rel}","templated":true}]}}