{"id":5221,"date":"2021-10-09T18:06:15","date_gmt":"2021-10-09T18:06:15","guid":{"rendered":"https:\/\/agvcercal.edu.gov.pt\/site\/?page_id=5221"},"modified":"2021-10-20T13:30:41","modified_gmt":"2021-10-20T13:30:41","slug":"escolas","status":"publish","type":"page","link":"https:\/\/agvcercal.edu.gov.pt\/site\/escolas\/","title":{"rendered":"Escolas"},"content":{"rendered":"<h2>Jardim de Inf\u00e2ncia de Cercal do Alentejo<\/h2>\n<p>O Jardim de Inf\u00e2ncia de Cercal do Alentejo est\u00e1 situado na Rua da Bica Santa. No ano letivo 2021-22, o JI est\u00e1 a funcionar com dois grupos de Educa\u00e7\u00e3o Pr\u00e9-Escolar e o 1\u00ba ano do Ensino B\u00e1sico.<\/p>\n<p>O edif\u00edcio \u00e9 do Plano dos Centen\u00e1rios e disp\u00f5e de cinco salas, sendo que quatro est\u00e3o no edif\u00edcio principal e uma, que funciona para as Atividades de Anima\u00e7\u00e3o e Apoio \u00e0 Fam\u00edlia, est\u00e1 localizada no edif\u00edcio adjacente.\u00a0<\/p>\n<p>O JI possui cantina pr\u00f3pria e \u00e9 onde todas as refei\u00e7\u00f5es s\u00e3o confecionadas para consumo deste estabelecimento e da EB n\u00ba2.<\/p>\n<p>\u00a0<\/p>\n<p>\t\t\t\t\t\t\t\t\t\t\t\t<img data-recalc-dims=\"1\" decoding=\"async\" width=\"1024\" height=\"801\" src=\"https:\/\/i0.wp.com\/agvcercal.edu.gov.pt\/site\/wp-content\/uploads\/2021\/10\/DSC_5174.jpg?resize=1024%2C801&#038;ssl=1\" alt=\"\" loading=\"lazy\" \/>\t\t\t\t\t\t\t\t\t\t\t\t\t\t<\/p>\n<h2>Morada<\/h2>\n<h6>Rua da Bica Santa<br \/>\n7555-108 Cercal do Alentejo<\/h6>\n<h2>Telefone<\/h2>\n<h6>TEL: +351 269 904 356\u00a0<\/h6>\n<h2>Hor\u00e1rio<\/h2>\n<h6>Segunda &#8211; Sexta-feira<br \/>\n8:30 &#8211; 18:30<\/h6>\n<p>\t\t\t\t\t\t\t\t\t\t\t\t<img data-recalc-dims=\"1\" decoding=\"async\" width=\"1024\" height=\"801\" src=\"https:\/\/i0.wp.com\/agvcercal.edu.gov.pt\/site\/wp-content\/uploads\/2021\/10\/DSC_5218.jpg?resize=1024%2C801&#038;ssl=1\" alt=\"\" loading=\"lazy\" \/>\t\t\t\t\t\t\t\t\t\t\t\t\t\t<\/p>\n<h2>Escola B\u00e1sica de Cercal do Alentejo n\u00ba2<\/h2>\n<p>A Escola B\u00e1sica n\u00ba2 tem uma localiza\u00e7\u00e3o mais central na vila, na Rua dos Centen\u00e1rios da Independ\u00eancia. Nesta escola est\u00e3o apenas a funcionar duas turmas, o 2\u00ba e o 3\u00ba anos, uma vez que o espa\u00e7o envolvente \u00e9 muito reduzido e n\u00e3o permite que os alunos brinquem, saltem e pulem em seguran\u00e7a.<\/p>\n<p>O edif\u00edcio tem quatro salas, duas est\u00e3o ocupadas com salas de aula, uma com a Biblioteca Escolar e outra \u00e9 utilizada para as Atividades de Enriquecimento Curricular.<\/p>\n<h2>Morada<\/h2>\n<h6>Rua dos Centen\u00e1rios da Independ\u00eancia<br \/>\n7555-108 Cercal do Alentejo<\/h6>\n<h2>Telefone<\/h2>\n<h6>TEL: +351 269 904 643<\/h6>\n<h2>Hor\u00e1rio<\/h2>\n<h6>Segunda &#8211; Sexta-feira<br \/>\n9:00 &#8211; 17:30<\/h6>\n<h2>Escola B\u00e1sica de Cercal do Alentejo n\u00ba1 (Escola Sede)<\/h2>\n<p>A Escola B\u00e1sica de Cercal do Alentejo n\u00ba1 situa-se \u00e0 entrada da vila, vindo de Alvalade do Sado \/ Colos. A escola foi constru\u00edda em 1998 e festejou recentemente 20 anos de exist\u00eancia.\u00a0<\/p>\n<p>Esta escola acolhe, em 2021\/22, os alunos do 4\u00ba ao 9\u00ba ano de escolaridade e \u00e9 onde est\u00e1 localizada a dire\u00e7\u00e3o e os servi\u00e7os administrativos.<\/p>\n<p>A escola est\u00e1 bem equipada e oferece as seguintes val\u00eancias: Cantina, Bar, Papelaria e Reprografia, Pavilh\u00e3o Gimnodesportivo, Sala TIC, Biblioteca Escolar, Refeit\u00f3rio.<\/p>\n<p>\t\t\t\t\t\t\t\t\t\t\t\t<img data-recalc-dims=\"1\" decoding=\"async\" width=\"1024\" height=\"801\" src=\"https:\/\/i0.wp.com\/agvcercal.edu.gov.pt\/site\/wp-content\/uploads\/2021\/10\/DSC_5230.jpg?resize=1024%2C801&#038;ssl=1\" alt=\"\" loading=\"lazy\" \/>\t\t\t\t\t\t\t\t\t\t\t\t\t\t<\/p>\n<h2>Morada<\/h2>\n<h6>Agrupamento de Escolas de Cercal do Alentejo<br \/>\nEstrada de Colos<br \/>\n7555-108 Cercal do Alentejo<\/h6>\n<h2>Telefone<\/h2>\n<h6>TEL: +351 269 949 552\u00a0<\/h6>\n<h2>Hor\u00e1rio<\/h2>\n<h6>Segunda &#8211; Sexta-feira<br \/>\n8:30 &#8211; 18:30<\/h6>\n","protected":false},"excerpt":{"rendered":"<p>Jardim de Inf\u00e2ncia de Cercal do Alentejo O Jardim de Inf\u00e2ncia de Cercal do Alentejo est\u00e1 situado na Rua da Bica Santa. No ano letivo 2021-22, o JI est\u00e1 a funcionar com dois grupos de Educa\u00e7\u00e3o Pr\u00e9-Escolar e o 1\u00ba ano do Ensino B\u00e1sico. O edif\u00edcio \u00e9 do Plano dos Centen\u00e1rios e disp\u00f5e de cinco [&hellip;]<\/p>\n","protected":false},"author":1,"featured_media":0,"parent":0,"menu_order":0,"comment_status":"closed","ping_status":"closed","template":"","meta":{"footnotes":""},"class_list":["post-5221","page","type-page","status-publish","hentry"],"jetpack-related-posts":[],"jetpack_sharing_enabled":true,"_links":{"self":[{"href":"https:\/\/agvcercal.edu.gov.pt\/site\/wp-json\/wp\/v2\/pages\/5221","targetHints":{"allow":["GET"]}}],"collection":[{"href":"https:\/\/agvcercal.edu.gov.pt\/site\/wp-json\/wp\/v2\/pages"}],"about":[{"href":"https:\/\/agvcercal.edu.gov.pt\/site\/wp-json\/wp\/v2\/types\/page"}],"author":[{"embeddable":true,"href":"https:\/\/agvcercal.edu.gov.pt\/site\/wp-json\/wp\/v2\/users\/1"}],"replies":[{"embeddable":true,"href":"https:\/\/agvcercal.edu.gov.pt\/site\/wp-json\/wp\/v2\/comments?post=5221"}],"version-history":[{"count":45,"href":"https:\/\/agvcercal.edu.gov.pt\/site\/wp-json\/wp\/v2\/pages\/5221\/revisions"}],"predecessor-version":[{"id":5993,"href":"https:\/\/agvcercal.edu.gov.pt\/site\/wp-json\/wp\/v2\/pages\/5221\/revisions\/5993"}],"wp:attachment":[{"href":"https:\/\/agvcercal.edu.gov.pt\/site\/wp-json\/wp\/v2\/media?parent=5221"}],"curies":[{"name":"wp","href":"https:\/\/api.w.org\/{rel}","templated":true}]}}