{"id":5905,"date":"2021-10-26T12:48:37","date_gmt":"2021-10-26T12:48:37","guid":{"rendered":"https:\/\/agvcercal.edu.gov.pt\/site\/?page_id=5905"},"modified":"2021-10-27T09:36:52","modified_gmt":"2021-10-27T09:36:52","slug":"terapia-da-fala","status":"publish","type":"page","link":"https:\/\/agvcercal.edu.gov.pt\/site\/terapia-da-fala\/","title":{"rendered":"Terapia da Fala"},"content":{"rendered":"<h2>Terapia da Fala<\/h2>\n<h4>Programa &#8220;Saber Ouvir&#8221;<\/h4>\n<p style=\"margin: 0cm;\">Inici\u00e1mos no passado dia 25 o Programa &#8220;Saber Ouvir&#8221; com a turma do 1\u00baano, onde se aborda, com a Terapeuta da Fala, a consci\u00eancia fonol\u00f3gica, que \u00e9 um dos maiores preditores para a aprendizagem da leitura e da escrita.<\/p>\n<p style=\"margin: 0cm; caret-color: #000000;\">Ap\u00f3s termos falado acerca das regras a cumprir durante estas din\u00e2micas, fizemos um jogo de escuta, dos preferidos dos alunos que j\u00e1 beneficiaram do Programa: &#8220;Onde est\u00e1 o gato?&#8221;. Os amigos taparam os olhos e tiveram que descobrir, atrav\u00e9s do som, onde estava o gato. Escutar sons ambientais, que n\u00e3o sejam da fala, \u00e9 relativamente f\u00e1cil para as pessoas, desde que estejam com aten\u00e7\u00e3o. Aqui reside o principal motivo para que tenhamos iniciado com um jogo de escuta: introduzir as crian\u00e7as na arte de ouvir ativa, atenta e analiticamente.\u00a0<\/p>\n<p>\t\t\t\t\t\t\t\t\t\t\t\t<img data-recalc-dims=\"1\" decoding=\"async\" width=\"800\" height=\"1200\" src=\"https:\/\/i0.wp.com\/agvcercal.edu.gov.pt\/site\/wp-content\/uploads\/2021\/10\/IMG_9827.jpg?resize=800%2C1200&#038;ssl=1\" alt=\"\" loading=\"lazy\" \/><br \/>\n\t\t\t\t\t\t\t\t\t\t\t\t<img data-recalc-dims=\"1\" decoding=\"async\" width=\"1024\" height=\"800\" src=\"https:\/\/i0.wp.com\/agvcercal.edu.gov.pt\/site\/wp-content\/uploads\/2021\/10\/IMG_9824.jpg?resize=1024%2C800&#038;ssl=1\" alt=\"\" loading=\"lazy\" \/><br \/>\n\t\t\t\t\t\t\t\t\t\t\t\t<img data-recalc-dims=\"1\" decoding=\"async\" width=\"1024\" height=\"800\" src=\"https:\/\/i0.wp.com\/agvcercal.edu.gov.pt\/site\/wp-content\/uploads\/2021\/10\/IMG_9820.jpg?resize=1024%2C800&#038;ssl=1\" alt=\"\" loading=\"lazy\" \/><br \/>\n\t\t\t\t\t\t\t\t\t\t\t\t<img data-recalc-dims=\"1\" decoding=\"async\" width=\"1024\" height=\"800\" src=\"https:\/\/i0.wp.com\/agvcercal.edu.gov.pt\/site\/wp-content\/uploads\/2021\/10\/IMG_9810.jpg?resize=1024%2C800&#038;ssl=1\" alt=\"\" loading=\"lazy\" \/><br \/>\n\t\t\t\t\t\t\t\t\t\t\t\t<img data-recalc-dims=\"1\" decoding=\"async\" width=\"1024\" height=\"800\" src=\"https:\/\/i0.wp.com\/agvcercal.edu.gov.pt\/site\/wp-content\/uploads\/2021\/10\/IMG_9813.jpg?resize=1024%2C800&#038;ssl=1\" alt=\"\" loading=\"lazy\" \/><\/p>\n","protected":false},"excerpt":{"rendered":"<p>Terapia da Fala Programa &#8220;Saber Ouvir&#8221; Inici\u00e1mos no passado dia 25 o Programa &#8220;Saber Ouvir&#8221; com a turma do 1\u00baano, onde se aborda, com a Terapeuta da Fala, a consci\u00eancia fonol\u00f3gica, que \u00e9 um dos maiores preditores para a aprendizagem da leitura e da escrita. Ap\u00f3s termos falado acerca das regras a cumprir durante estas [&hellip;]<\/p>\n","protected":false},"author":1,"featured_media":0,"parent":0,"menu_order":0,"comment_status":"closed","ping_status":"closed","template":"","meta":{"footnotes":""},"class_list":["post-5905","page","type-page","status-publish","hentry"],"jetpack-related-posts":[],"jetpack_sharing_enabled":true,"_links":{"self":[{"href":"https:\/\/agvcercal.edu.gov.pt\/site\/wp-json\/wp\/v2\/pages\/5905","targetHints":{"allow":["GET"]}}],"collection":[{"href":"https:\/\/agvcercal.edu.gov.pt\/site\/wp-json\/wp\/v2\/pages"}],"about":[{"href":"https:\/\/agvcercal.edu.gov.pt\/site\/wp-json\/wp\/v2\/types\/page"}],"author":[{"embeddable":true,"href":"https:\/\/agvcercal.edu.gov.pt\/site\/wp-json\/wp\/v2\/users\/1"}],"replies":[{"embeddable":true,"href":"https:\/\/agvcercal.edu.gov.pt\/site\/wp-json\/wp\/v2\/comments?post=5905"}],"version-history":[{"count":20,"href":"https:\/\/agvcercal.edu.gov.pt\/site\/wp-json\/wp\/v2\/pages\/5905\/revisions"}],"predecessor-version":[{"id":5970,"href":"https:\/\/agvcercal.edu.gov.pt\/site\/wp-json\/wp\/v2\/pages\/5905\/revisions\/5970"}],"wp:attachment":[{"href":"https:\/\/agvcercal.edu.gov.pt\/site\/wp-json\/wp\/v2\/media?parent=5905"}],"curies":[{"name":"wp","href":"https:\/\/api.w.org\/{rel}","templated":true}]}}