{"id":6522,"date":"2022-03-30T10:23:17","date_gmt":"2022-03-30T10:23:17","guid":{"rendered":"https:\/\/agvcercal.edu.gov.pt\/site\/?page_id=6522"},"modified":"2023-04-11T15:16:52","modified_gmt":"2023-04-11T15:16:52","slug":"avaliacao-externa-21-22","status":"publish","type":"page","link":"https:\/\/agvcercal.edu.gov.pt\/site\/avaliacao-externa-21-22\/","title":{"rendered":"Avalia\u00e7\u00e3o Externa 22\/23"},"content":{"rendered":"<h2>INFORMA\u00c7\u00c3O<br \/>\n<\/h2>\n<h3>PROVAS FINAIS E PROVAS DE EQUIVAL\u00caNCIA \u00c0 FREQU\u00caNCIA DO ENSINO B\u00c1SICO<\/h3>\n<p>\t\t\t<a href=\"https:\/\/agvcercal.edu.gov.pt\/site\/wp-content\/uploads\/2023\/04\/2023_INFORMACOES-ALUNOS-EE-NORMA-1-.pdf\" target=\"_blank\" role=\"button\" rel=\"noopener\"><br \/>\n\t\t\t\t\t\tResumo Norma 1<br \/>\n\t\t\t\t\t<\/a><br \/>\n\t\t\t\t\t\t\t\t\t\t\t\t<img data-recalc-dims=\"1\" decoding=\"async\" width=\"1024\" height=\"398\" src=\"https:\/\/i0.wp.com\/agvcercal.edu.gov.pt\/site\/wp-content\/uploads\/2022\/03\/exame-1024x398-1.jpg?resize=1024%2C398&#038;ssl=1\" alt=\"\" loading=\"lazy\" \/><\/p>\n","protected":false},"excerpt":{"rendered":"<p>INFORMA\u00c7\u00c3O PROVAS FINAIS E PROVAS DE EQUIVAL\u00caNCIA \u00c0 FREQU\u00caNCIA DO ENSINO B\u00c1SICO Resumo Norma 1<\/p>\n","protected":false},"author":1,"featured_media":6526,"parent":0,"menu_order":0,"comment_status":"closed","ping_status":"closed","template":"","meta":{"footnotes":""},"class_list":["post-6522","page","type-page","status-publish","has-post-thumbnail","hentry"],"jetpack-related-posts":[],"jetpack_sharing_enabled":true,"_links":{"self":[{"href":"https:\/\/agvcercal.edu.gov.pt\/site\/wp-json\/wp\/v2\/pages\/6522","targetHints":{"allow":["GET"]}}],"collection":[{"href":"https:\/\/agvcercal.edu.gov.pt\/site\/wp-json\/wp\/v2\/pages"}],"about":[{"href":"https:\/\/agvcercal.edu.gov.pt\/site\/wp-json\/wp\/v2\/types\/page"}],"author":[{"embeddable":true,"href":"https:\/\/agvcercal.edu.gov.pt\/site\/wp-json\/wp\/v2\/users\/1"}],"replies":[{"embeddable":true,"href":"https:\/\/agvcercal.edu.gov.pt\/site\/wp-json\/wp\/v2\/comments?post=6522"}],"version-history":[{"count":17,"href":"https:\/\/agvcercal.edu.gov.pt\/site\/wp-json\/wp\/v2\/pages\/6522\/revisions"}],"predecessor-version":[{"id":7404,"href":"https:\/\/agvcercal.edu.gov.pt\/site\/wp-json\/wp\/v2\/pages\/6522\/revisions\/7404"}],"wp:featuredmedia":[{"embeddable":true,"href":"https:\/\/agvcercal.edu.gov.pt\/site\/wp-json\/wp\/v2\/media\/6526"}],"wp:attachment":[{"href":"https:\/\/agvcercal.edu.gov.pt\/site\/wp-json\/wp\/v2\/media?parent=6522"}],"curies":[{"name":"wp","href":"https:\/\/api.w.org\/{rel}","templated":true}]}}